{"id":1183,"date":"2026-01-16T11:01:42","date_gmt":"2026-01-16T11:01:42","guid":{"rendered":"https:\/\/out.travelblox.eu\/?page_id=1183"},"modified":"2026-03-19T17:13:51","modified_gmt":"2026-03-19T16:13:51","slug":"canoe-rental","status":"publish","type":"page","link":"https:\/\/out.travelblox.eu\/de\/canoe-rental\/","title":{"rendered":"Kanuverleih"},"content":{"rendered":"<div class=\"tb-header tb-block align-center background-dark pattern-none variant-none\" id=\"header\" data-fallback-background=\"https:\/\/out.travelblox.eu\/wp-content\/uploads\/sites\/97\/2025\/12\/BrittLeonie-08516.jpg\" style=\"background-image: url('https:\/\/out.travelblox.eu\/wp-content\/uploads\/sites\/97\/2025\/12\/BrittLeonie-08516.jpg'); background-position:50% 29%;\">\n    <div class=\"tb-header-foreground\">\n        <div class=\"inner-block\">\n\n            <div class=\"main-part\">\n                <div class=\"text-part\">\n                                                                <h1 class=\"tb-title\">KANU TOUREN<\/h1>\n                                                                <h2 class=\"tb-subtitle\">\t\t<div class=\"translation-block\"><p>Erkunde eines der reinsten Seensysteme in Europa. Paddel durch miteinander verbundene Seen, campiere auf abgelegenen Inseln und erlebe die wahre schwedische Wildnis.<\/p><\/div>\n\t<\/h2>\n                                                                                            <div class=\"tb-properties\">\n                                                                    <div class=\"tb-property\">\n                                                                                    <div class=\"tb-property__icon\">\n                                                \t\t\t\t<i class=\"icon fa-kit fa-tb-icon-paddle\" aria-hidden=\"true\"><\/i>\n\t\t\t                                            <\/div>\n                                                                                <div class=\"tb-property__label\">\n                                            Canoe                                        <\/div>\n                                    <\/div>\n                                    <div class=\"tb-properties__divider\"><\/div>\n                                                                                                    <div class=\"tb-property\">\n                                                                                    <div class=\"tb-property__icon\">\n                                                \t\t\t\t<i class=\"icon fa-solid fa-water\" aria-hidden=\"true\"><\/i>\n\t\t\t                                            <\/div>\n                                                                                <div class=\"tb-property__label\">\n                                            Kayak                                        <\/div>\n                                    <\/div>\n                                    <div class=\"tb-properties__divider\"><\/div>\n                                                                                                    <div class=\"tb-property\">\n                                                                                    <div class=\"tb-property__icon\">\n                                                \t\t\t\t<i class=\"icon fa-solid fa-droplet\" aria-hidden=\"true\"><\/i>\n\t\t\t                                            <\/div>\n                                                                                <div class=\"tb-property__label\">\n                                            SUP                                        <\/div>\n                                    <\/div>\n                                                            <\/div>\n                                                                                        <div class=\"tb-buttons-part\">\n                                                            \t\t<a href=\"#join\"  target=\"\" class=\"tb-button\">\n\t\t\tPlane dein Abenteuer\t\t<\/a>\n\t\t                                                                                <\/div>\n                                                        <\/div>\n            <\/div>\n            \t\t<a href=\"#\" class=\"scroll-down-button\">\n\t\t\t<i class=\"fa fa-arrow-down\"><\/i>\n\t\t<\/a>\n\t\n                    <\/div>\n    <\/div>\n\n    \n    \n<\/div>\n\n\n<div class=\"tb-textimage2 tb-block align-left background-light pattern-none variant-text_first tb-collapsible-margins\" id=\"textimage2\">\n\t<div class=\"inner-block tb-fade-in\">\n\n\t\t\n\t\t<div class=\"tb-columns\">\n\t\t\t<div class=\"tb-column\">\n\t\t\t\t<div class=\"tb-text-part\">\n\t\t\t\t\t<h2>Das Dalsland-Nordmarken-Seensystem<\/h2>\n\t\t\t\t\t\t\t<div class=\"translation-block\"><p>Outpost North ist dein perfektes Basislager, um das umfangreiche Dalsland-Nordmarken-Seensystem zu erkunden. Mit \u00fcber 1.000 Kilometern an miteinander verbundenen Wasserwegen ist dies eines der reinsten Paddelziele Europas.<\/p>\n<p>Von unserem Standort aus hast du direkten Zugang zu sowohl V\u00e4stra Silen als auch Lel\u00e5ng \u2013 zwei atemberaubenden Seen, die unz\u00e4hlige M\u00f6glichkeiten f\u00fcr Tagesausfl\u00fcge oder mehrt\u00e4gige Abenteuer bieten. Paddel zu abgelegenen Inseln, entdecke versteckte Buchten und campiere wild unter dem Sternenhimmel.<\/p><\/div>\n\t\t\t\t\t\t\t\t\t\t\t<div class=\"tb-buttons-part\">\n\t\t\t\t\t\t\t\t<a href=\"#join\"  target=\"\" class=\"tb-button\">\n\t\t\tJETZT BUCHEN\t\t<\/a>\n\t\t\t\t\t\t\t\t\t\t\t\t\t<\/div>\n\t\t\t\t<\/div>\n\t\t\t<\/div>\n\t\t\t<div class=\"tb-column\">\n\t\t\t\t\t\t\t\t\t\t\t\t\t\t\t<div class=\"tb-image-part\">\n\t\t\t\t\t\t\t\t\t\t\t<div class=\"inner-block-full-width has-tb-carousel tb-carousel-slider\" >\n\t\t\t<div class=\"tb-carousel-container\">\n\t\t\t\t<div class=\"entries tb-cards\" data-slider-first=\"0\">\n\t\t\t\t\t\t\t\t\t<div class=\"entry\">\n\t\t\t\t<div class=\"tb-image-part\">\n\t\t\t\t\t<figure>\n\t\t\t\t\t\t<img src='https:\/\/out.travelblox.eu\/wp-content\/uploads\/sites\/97\/2025\/12\/OUTPOSTNORTH_SWEDEN_IsakStockas_6499_WEB-768x1111.jpg' width='768' height='1111' loading='lazy' image_size='medium_large'>\t\t\t\t\t\t\t\t\t\t\t\t\t\t\t\t\t\t\t\t\t\t\t\t\t\t\t\t\t\t\t<\/figure>\n\t\t\t\t<\/div>\n\t\t\t<\/div>\n\t\t\t\t\t<div class=\"entry\">\n\t\t\t\t<div class=\"tb-image-part\">\n\t\t\t\t\t<figure>\n\t\t\t\t\t\t<img src='https:\/\/out.travelblox.eu\/wp-content\/uploads\/sites\/97\/2025\/12\/The-Kayak-Trip-2019-Kamill-Cosemans-91-1-768x512.jpg' width='768' height='512' alt='sea kayak' loading='lazy' image_size='medium_large'>\t\t\t\t\t\t\t\t\t\t\t\t\t\t\t\t\t\t\t\t\t\t\t\t\t\t\t\t\t\t\t<\/figure>\n\t\t\t\t<\/div>\n\t\t\t<\/div>\n\t\t\t\t\t<div class=\"entry\">\n\t\t\t\t<div class=\"tb-image-part\">\n\t\t\t\t\t<figure>\n\t\t\t\t\t\t<img src='https:\/\/out.travelblox.eu\/wp-content\/uploads\/sites\/97\/2024\/12\/TCT24_MichielAnnaert_LR-64-768x576.jpg' width='768' height='576' loading='lazy' image_size='medium_large'>\t\t\t\t\t\t\t\t\t\t\t\t\t\t\t\t\t\t\t\t\t\t\t\t\t\t\t\t\t\t\t<\/figure>\n\t\t\t\t<\/div>\n\t\t\t<\/div>\n\t\t\t\t\t\t\t\t<\/div>\n\t\t\t\t\t\t<div class=\"tb-carousel-nav\">\n\t\t\t<div class=\"dots\">\n\t\t\t\t<div class=\"dot active\"><\/div>\n\t\t\t\t<div class=\"dot\"><\/div>\n\t\t\t\t<div class=\"dot\"><\/div>\n\t\t\t<\/div>\n\t\t\t<div class=\"arrows\">\n\t\t\t\t<div class=\"prev disabled\">\n\t\t\t\t\t<span><i class=\"fa fa-chevron-left\"><\/i><\/span>\n\t\t\t\t<\/div>\n\t\t\t\t<div class=\"next\">\n\t\t\t\t\t<span><i class=\"fa fa-chevron-right\"><\/i><\/span>\n\t\t\t\t<\/div>\n\t\t\t<\/div>\n\t\t<\/div>\n\t\t\t\t<\/div>\n\t\t<\/div>\n\t\t\t\t\t\t\t\t<\/div>\n\t\t\t\t\t\t\t\t\t\t\t\t<\/div>\n\t\t<\/div>\n\t<\/div>\n<\/div>\n\n\n<div class=\"tb-textimage2 tb-block align-left background-light pattern-none variant-image_first tb-collapsible-margins\" id=\"textimage2-1\">\n\t<div class=\"inner-block tb-fade-in\">\n\n\t\t\n\t\t<div class=\"tb-columns\">\n\t\t\t<div class=\"tb-column\">\n\t\t\t\t<div class=\"tb-text-part\">\n\t\t\t\t\t<h2>Was ist enthalten<\/h2>\n\t\t\t\t\t\t\t<div class=\"translation-block\"><ul class=\"space-y-4\">\n<li>Hochwertiges Kanu oder Kajak<\/li>\n<li>Ruder f\u00fcr jede Person<\/li>\n<li>Rettungswesten<\/li>\n<li>Unterst\u00fctzung bei der Routenplanung<\/li>\n<li>Sicherheitsbesprechung<\/li>\n<\/ul><\/div>\n\t\t\t\t\t\t\t\t\t\t\t<div class=\"tb-buttons-part\">\n\t\t\t\t\t\t\t\t\t\t\t\t\t\t\t\t\t<\/div>\n\t\t\t\t<\/div>\n\t\t\t<\/div>\n\t\t\t<div class=\"tb-column\">\n\t\t\t\t\t\t\t\t\t\t\t\t\t\t\t<div class=\"tb-image-part\">\n\t\t\t\t\t\t\t<img src='https:\/\/out.travelblox.eu\/wp-content\/uploads\/sites\/97\/2026\/02\/website_Add-ons.png' width='768' height='561' loading='lazy' image_size='medium_large'>\t\t\t\t\t\t<\/div>\n\t\t\t\t\t\t\t\t\t\t\t\t<\/div>\n\t\t<\/div>\n\t<\/div>\n<\/div>\n\n\n<div class=\"tb-colcompare tb-block align-center background-light pattern-none variant-cards tb-collapsible-margins\" id=\"colcompare\">\n\t<div class=\"inner-block tb-fade-in tb-fade-in--subtle\">\n\t\t<div class=\"text-part\">\n\t\t\t<h2>Mietpreise<\/h2>\n\t\t\t\t\t<div class=\"translation-block\"><p>Rabatte f\u00fcr Mehrtagesreisen verf\u00fcgbar!<\/p>\n<p><strong>Rabatte:<\/strong> 7-13 Tage: <strong>-10%<\/strong> &gt; 13 Tage: <strong>-20%<\/strong><\/p><\/div>\n\t\t\t<\/div>\n\t<\/div>\n\t\t\t\t\t<div class=\"inner-block-full-width has-tb-carousel tb-justified\" >\n\t\t\t<div class=\"tb-carousel-container\">\n\t\t\t\t<div class=\"entries tb-cards\" data-slider-first=\"1\">\n\t\t\t\t\t\t\t\t\t<div class=\"tb-card entry tb-fade-in tb-fade-in--subtle\">\n\t\t\t\t<div class=\"tb-image-part\">\n\t\t\t\t\t<img src='https:\/\/out.travelblox.eu\/wp-content\/uploads\/sites\/97\/2024\/12\/TCT24_AxelCoquemon_LR-229-768x512.jpg' width='768' height='512' loading='lazy' image_size='medium_large'>\t\t\t\t<\/div>\n\t\t\t\t<div class=\"tb-card-content text-part\">\n\t\t\t\t\t<h5>\t\t\t\t<i class=\"icon fa-kit fa-tb-icon-paddle\" aria-hidden=\"true\"><\/i>\n\t\t\t Canoe<\/h5>\n\t\t\t\t\t\t\t<div class=\"translation-block\"><p>2-3 Personen<\/p>\n<p>400 kr\/Tag<\/p><\/div>\n\t\t\t\t\t\t<div class=\"tb-buttons-part\">\n\t\t\t\t\t\t\t\t<a href=\"#join\"  target=\"\" class=\"tb-buttonlink\">\n\t\t\tMiete dein Kanu\t\t<\/a>\n\t\t\t\t\t\t\t<\/div>\n\t\t\t\t<\/div>\n\t\t\t<\/div>\n\t\t\t\t\t<div class=\"tb-card entry tb-fade-in tb-fade-in--subtle\">\n\t\t\t\t<div class=\"tb-image-part\">\n\t\t\t\t\t<img src='https:\/\/out.travelblox.eu\/wp-content\/uploads\/sites\/97\/2025\/12\/The-Kayak-Trip-2019-Kamill-Cosemans-91-1-768x512.jpg' width='768' height='512' alt='sea kayak' loading='lazy' image_size='medium_large'>\t\t\t\t<\/div>\n\t\t\t\t<div class=\"tb-card-content text-part\">\n\t\t\t\t\t<h5>\t\t\t\t<i class=\"icon fa-solid fa-water\" aria-hidden=\"true\"><\/i>\n\t\t\t Kayak<\/h5>\n\t\t\t\t\t\t\t<div class=\"translation-block\"><p>1 Person<\/p>\n<p>300 kr\/Tag<\/p><\/div>\n\t\t\t\t\t\t<div class=\"tb-buttons-part\">\n\t\t\t\t\t\t\t\t<a href=\"#join\"  target=\"\" class=\"tb-buttonlink\">\n\t\t\tMiete dein Kajak\t\t<\/a>\n\t\t\t\t\t\t\t<\/div>\n\t\t\t\t<\/div>\n\t\t\t<\/div>\n\t\t\t\t\t\t\t\t<\/div>\n\t\t\t\t\t\t<div class=\"tb-carousel-nav\">\n\t\t\t<div class=\"dots\">\n\t\t\t\t<div class=\"dot active\"><\/div>\n\t\t\t\t<div class=\"dot\"><\/div>\n\t\t\t\t<div class=\"dot\"><\/div>\n\t\t\t<\/div>\n\t\t\t<div class=\"arrows\">\n\t\t\t\t<div class=\"prev disabled\">\n\t\t\t\t\t<span><i class=\"fa fa-chevron-left\"><\/i><\/span>\n\t\t\t\t<\/div>\n\t\t\t\t<div class=\"next\">\n\t\t\t\t\t<span><i class=\"fa fa-chevron-right\"><\/i><\/span>\n\t\t\t\t<\/div>\n\t\t\t<\/div>\n\t\t<\/div>\n\t\t\t\t<\/div>\n\t\t<\/div>\n\t\t\t<\/div>\n\n\n\n<div class=\"tb-custom html tb-block align-none background-light pattern-none variant-none tb-collapsible-margins\" id=\"customhtml\">\n\t<div id=\"booking-widget-area\">\r\n<script type=\"text\/javascript\" src=\"\/\/outpost-north.manage.eu1.bookingplatform.app\/lib\/interface--0.js\"><\/script>\r\n<!-- CHECKFRONT BOOKING PLUGIN v25-->\r\n<div id=\"CHECKFRONT_WIDGET_01\"><p id=\"CHECKFRONT_LOADER\" style=\"background: url('\/\/outpost-north.manage.eu1.bookingplatform.app\/images\/loader.gif') left center no-repeat; padding: 5px 5px 5px 20px\">Verf\u00fcgbarkeit wird gesucht\u2026<\/p><\/div>\r\n<script>\r\nnew DROPLET.Widget ({\r\nhost: 'outpost-north.manage.eu1.bookingplatform.app',\r\ntarget: 'CHECKFRONT_WIDGET_01',\r\nitem_id: '7150,7158,7162,7161,7159,7160,7176,7177,7178,7168,7169,7167,7166,7173,7172,7170,7171,7163,7164,7165,7147,7142,7143,7148,7145,7146,7185,7149,7138,7179,7141,7180,7144',\r\ncategory_id: '1931,1935,1934,1933,1929,1956',\r\noptions: 'tabs',\r\ndate: '20260501',\r\nprovider: 'droplet'\r\n}).render();\r\n<\/script>\r\n<noscript><a href=\"https:\/\/outpost-north.manage.eu1.bookingplatform.app\/reserve\/\" style=\"font-size: 16px\">Weiter zum sicheren Buchungssystem &raquo;<\/a><\/noscript>\r\n<\/div>\t\t<\/div>\n\n\n<div class=\"tb-custom html tb-block align-none background-light pattern-none variant-none tb-collapsible-margins\" id=\"customhtml-1\">\n\t<style>\r\n\/* --- Your modal --- *\/\r\n#booking-modal {\r\n  position: fixed;\r\n  top: 0;\r\n  left: 0;\r\n  width: 100%;\r\n  height: 100%;\r\n  z-index: 99999;\r\n  display: none;\r\n}\r\n.booking-modal-overlay {\r\n  position: absolute;\r\n  top: 0;\r\n  left: 0;\r\n  width: 100%;\r\n  height: 100%;\r\n  background: rgba(0,0,0,0.7);\r\n}\r\n.booking-modal-content {\r\n  position: relative;\r\n  max-width: 900px;\r\n  width: 90%;\r\n  max-height: 90vh;\r\n  margin: 5vh auto;\r\n  background: #fff;\r\n  padding: 20px;\r\n  overflow-y: auto;\r\n  border-radius: 8px;\r\n}\r\n\/* keep close button always visible *\/\r\n.booking-modal-close {\r\n  position: sticky;\r\n  top: 0;\r\n  margin-left: auto;\r\n  display: block;\r\n  font-size: 30px;\r\n  line-height: 1;\r\n  background: none;\r\n  border: none;\r\n  cursor: pointer;\r\n  z-index: 2;\r\n}\r\n\/* --- Checkfront\/Droplet overlays: keep them above + centered --- *\/\r\n\/* If the widget uses ThickBox *\/\r\n#TB_overlay, #TB_window {\r\n  z-index: 100000 !important;\r\n}\r\n#TB_window {\r\n  position: fixed !important;\r\n  top: 50% !important;\r\n  left: 50% !important;\r\n  transform: translate(-50%, -50%) !important;\r\n  margin: 0 !important;\r\n  max-width: 98vw !important;\r\n  max-height: 95vh !important;\r\n}\r\n#TB_iframeContent {\r\n  width: min(98vw, 980px) !important;\r\n  height: min(90vh, 800px) !important;\r\n}\r\n\/* Fallback: any booking iframe should appear above *\/\r\niframe[id*=\"checkfront\"],\r\niframe[src*=\"bookingplatform.app\"],\r\niframe[src*=\"\/reserve\/\"] {\r\n  z-index: 100000 !important;\r\n}\r\n\/* Avoid blanket [class*=\"modal\"] rules (too broad) *\/\r\n<\/style>\r\n<div id=\"booking-modal\" aria-hidden=\"true\">\r\n  <div class=\"booking-modal-overlay\"><\/div>\r\n  <div class=\"booking-modal-content\" role=\"dialog\" aria-modal=\"true\">\r\n    <button type=\"button\" class=\"booking-modal-close\" aria-label=\"Schlie\u00dfen\">&times;<\/button>\r\n    <div id=\"booking-modal-body\"><\/div>\r\n  <\/div>\r\n<\/div>\r\n<script>\r\ndocument.addEventListener(\"DOMContentLoaded\", function () {\r\n  const modal = document.getElementById(\"booking-modal\");\r\n  const modalBody = document.getElementById(\"booking-modal-body\");\r\n  const widgetArea = document.getElementById(\"booking-widget-area\");\r\n  if (!modal || !modalBody || !widgetArea) return;\r\n  \/\/ placeholder so we can put the widget back when modal closes\r\n  const placeholder = document.createElement(\"div\");\r\n  placeholder.id = \"booking-widget-placeholder\";\r\n  widgetArea.parentNode.insertBefore(placeholder, widgetArea);\r\n  \/\/ IMPORTANT: change #join to the button's href if different\r\n  const triggers = document.querySelectorAll('a[href=\"#join\"]');\r\n  function openModal(e) {\r\n    e.preventDefault();\r\n    modalBody.appendChild(widgetArea);     \/\/ move widget into modal\r\n    modal.style.display = \"block\";\r\n    modal.setAttribute(\"aria-hidden\", \"false\");\r\n    \/\/ start at top so users see the first state immediately\r\n    const modalContent = document.querySelector(\".booking-modal-content\");\r\n    if (modalContent) modalContent.scrollTop = 0;\r\n    window.scrollTo({ top: 0, behavior: \"instant\" });\r\n  }\r\n  function closeModal() {\r\n    modal.style.display = \"none\";\r\n    modal.setAttribute(\"aria-hidden\", \"true\");\r\n    placeholder.parentNode.insertBefore(widgetArea, placeholder); \/\/ move it back\r\n  }\r\n  triggers.forEach(btn => btn.addEventListener(\"click\", openModal));\r\n  \/\/ close on overlay click or close button click\r\n  modal.addEventListener(\"click\", function (e) {\r\n    if (\r\n      e.target.classList.contains(\"booking-modal-overlay\") ||\r\n      e.target.classList.contains(\"booking-modal-close\")\r\n    ) closeModal();\r\n  });\r\n  \/\/ close on ESC\r\n  document.addEventListener(\"keydown\", function (e) {\r\n    if (e.key === \"Escape\" && modal.style.display === \"block\") closeModal();\r\n  });\r\n  \/\/ when clicking inside widget (Book Now etc.), scroll modal\/page to top\r\n  document.addEventListener(\"click\", function (e) {\r\n    const inWidget = e.target.closest(\"#booking-widget-area\");\r\n    if (!inWidget) return;\r\n    const modalContent = document.querySelector(\".booking-modal-content\");\r\n    if (modalContent) modalContent.scrollTop = 0;\r\n    window.scrollTo({ top: 0, behavior: \"smooth\" });\r\n  });\r\n});\r\n<\/script>\r\n\t\t<\/div>","protected":false},"excerpt":{"rendered":"","protected":false},"author":108,"featured_media":850,"parent":0,"menu_order":0,"comment_status":"closed","ping_status":"closed","template":"","meta":{"_acf_changed":false,"inline_featured_image":false,"footnotes":""},"class_list":["post-1183","page","type-page","status-publish","has-post-thumbnail","hentry"],"acf":{"page_package_ids":"","is_main_package_page":false,"additional_linked_packages":[],"feed_page_to_atlas":true},"_links":{"self":[{"href":"https:\/\/out.travelblox.eu\/de\/wp-json\/wp\/v2\/pages\/1183","targetHints":{"allow":["GET"]}}],"collection":[{"href":"https:\/\/out.travelblox.eu\/de\/wp-json\/wp\/v2\/pages"}],"about":[{"href":"https:\/\/out.travelblox.eu\/de\/wp-json\/wp\/v2\/types\/page"}],"author":[{"embeddable":true,"href":"https:\/\/out.travelblox.eu\/de\/wp-json\/wp\/v2\/users\/108"}],"replies":[{"embeddable":true,"href":"https:\/\/out.travelblox.eu\/de\/wp-json\/wp\/v2\/comments?post=1183"}],"version-history":[{"count":29,"href":"https:\/\/out.travelblox.eu\/de\/wp-json\/wp\/v2\/pages\/1183\/revisions"}],"predecessor-version":[{"id":1393,"href":"https:\/\/out.travelblox.eu\/de\/wp-json\/wp\/v2\/pages\/1183\/revisions\/1393"}],"wp:featuredmedia":[{"embeddable":true,"href":"https:\/\/out.travelblox.eu\/de\/wp-json\/wp\/v2\/media\/850"}],"wp:attachment":[{"href":"https:\/\/out.travelblox.eu\/de\/wp-json\/wp\/v2\/media?parent=1183"}],"curies":[{"name":"wp","href":"https:\/\/api.w.org\/{rel}","templated":true}]}}